{"id":81,"date":"2025-02-22T19:12:44","date_gmt":"2025-02-22T19:12:44","guid":{"rendered":"https:\/\/v3avocats.uni-vert.be\/?page_id=81"},"modified":"2025-05-17T12:36:12","modified_gmt":"2025-05-17T12:36:12","slug":"honoraires","status":"publish","type":"page","link":"https:\/\/v3avocats.uni-vert.be\/fr\/honoraires\/","title":{"rendered":"Honoraires"},"content":{"rendered":"<div class=\"wpb-content-wrapper\"><p>[vc_row height_ratio=\u00a0\u00bb70&Prime; padding_top_multiplier=\u00a0\u00bb2x\u00a0\u00bb rc_heading_color=\u00a0\u00bbwhite\u00a0\u00bb rc_bg_type=\u00a0\u00bbimage\u00a0\u00bb rc_bg_image=\u00a0\u00bb295&Prime; rc_bg_color_overlay=\u00a0\u00bbcustom\u00a0\u00bb rc_bg_color_overlay_custom=\u00a0\u00bb#12122DCC\u00a0\u00bb tablet_sm_height_ratio=\u00a0\u00bb0&Prime; mobile_height_ratio=\u00a0\u00bb0&Prime; scroll_header_skin=\u00a0\u00bblight\u00a0\u00bb rc_bg_color=\u00a0\u00bb#393589&Prime; rc_font_color=\u00a0\u00bb#ffffff\u00a0\u00bb][vc_column vertical_content_position=\u00a0\u00bbmiddle\u00a0\u00bb]<div class=\"grve-element grve-image grve-align-center logo\">\r\n\t<div class=\"grve-image-item\">\r\n\t\t\r\n\r\n<div class=\"grve-image-wrapper grve-no-effect\">\r\n\t\t<div class=\"grve-svg-thumbnail-wrapper\"><div class=\"grve-svg-thumbnail\"><img decoding=\"async\" src=\"https:\/\/v3avocats.uni-vert.be\/wp-content\/uploads\/2025\/02\/V3avocats.svg\" class=\"attachment-full size-full\" alt=\"cabinet V3 VERGAUWEN, VENET &amp; ASSOCI\u00c9S\" srcset=\"https:\/\/v3avocats.uni-vert.be\/wp-content\/uploads\/2025\/02\/V3avocats.svg 1x,https:\/\/v3avocats.uni-vert.be\/wp-content\/uploads\/2025\/02\/V3avocats.svg 2x\" data-column-space=\"auto\" data-lazyload=\"\" data-grve-filter=\"yes\" \/><\/div><\/div>\t<\/div>\r\n\t<\/div>\r\n<\/div>\r\n<div class=\"grve-empty-space grve-height-1x\"><\/div>[vc_row_inner][vc_column_inner width=\u00a0\u00bb1\/6&Prime;][\/vc_column_inner][vc_column_inner width=\u00a0\u00bb2\/3&Prime; text_align=\u00a0\u00bbcenter\u00a0\u00bb]<h3 class=\"grve-element grve-title grve-align-inherit grve-h3\"><span>Honoraires<\/span><\/h3><div class=\"grve-empty-space grve-height-2x\"><\/div><div class=\"grve-element grve-divider\"><div class=\"grve-vertical-divider grve-align-inherit grve-height-2x grve-line-anim-top-bottom\" style=\"width: 1px;\"><span class=\"grve-bg-primary-2\"><\/span><\/div><\/div>[\/vc_column_inner][vc_column_inner width=\u00a0\u00bb1\/6&Prime;][\/vc_column_inner][\/vc_row_inner][\/vc_column][\/vc_row][vc_row padding_top_multiplier=\u00a0\u00bb4x\u00a0\u00bb padding_bottom_multiplier=\u00a0\u00bb4x\u00a0\u00bb mobile_columns_vertical_gap=\u00a0\u00bbnone\u00a0\u00bb][vc_column content_width=\u00a0\u00bb90&Prime; horizontal_content_position=\u00a0\u00bbcenter\u00a0\u00bb][vc_row_inner mobile_columns_vertical_gap=\u00a0\u00bb15&Prime;][vc_column_inner width=\u00a0\u00bb1\/4&Prime;]<h3 class=\"grve-element grve-title grve-align-inherit grve-h4\"><span>Les honoraires<\/span><\/h3>[\/vc_column_inner][vc_column_inner width=\u00a0\u00bb3\/4&Prime;][vc_column_text css=\u00a0\u00bb\u00a0\u00bb]Les honoraires de notre cabinet sont calcul\u00e9s sur la base d\u2019un taux horaire ou de mani\u00e8re forfaitaire.<\/p>\n<p>Ces honoraires sont d\u00e9termin\u00e9s en tenant compte de votre situation personnelle ainsi qu\u2019en fonction de divers facteurs, tels que l\u2019urgence, les int\u00e9r\u00eats en jeu ainsi que la nature et la complexit\u00e9 du dossier.<\/p>\n<p>Par ailleurs, dans certaines affaires et toujours avec votre accord, un honoraire de r\u00e9sultat (\u00ab success fee \u00bb) peut \u00eatre appliqu\u00e9.<\/p>\n<p>Les co\u00fbts engendr\u00e9s par les prestations (frais de secr\u00e9tariat, courriers recommand\u00e9s,) sont factur\u00e9s au client selon un pourcentage des honoraires.<br \/>\nCes services sont soumis \u00e0 la TVA.<\/p>\n<p>En ce qui concerne les d\u00e9bours (frais d&rsquo;huissiers, experts, greffe, &#8230;), ils seront avanc\u00e9s par l&rsquo;avocat ou r\u00e9gl\u00e9s directement selon l&rsquo;accord initial.<br \/>\nCes services sont non soumis \u00e0 la TVA.[\/vc_column_text][\/vc_column_inner][\/vc_row_inner]<div class=\"grve-empty-space grve-height-2x\"><\/div>[vc_row_inner mobile_columns_vertical_gap=\u00a0\u00bb15&Prime;][vc_column_inner width=\u00a0\u00bb1\/4&Prime;]<h3 class=\"grve-element grve-title grve-align-inherit grve-h4\"><span>L&rsquo;assurance protection juridique<\/span><\/h3>[\/vc_column_inner][vc_column_inner width=\u00a0\u00bb3\/4&Prime;][vc_column_text css=\u00a0\u00bb\u00a0\u00bb]Si vous \u00eates couvert par une assurance protection juridique, veuillez-nous en informer d\u00e8s le premier rendez-vous. M\u00eame si vous disposez d&rsquo;une telle assurance, vous demeurez responsable des paiements et honoraires, des frais de d\u00e9bours fix\u00e9s conform\u00e9ment \u00e0 l&rsquo;accord sign\u00e9 entre les parties. Cependant, nous nous engageons \u00e0 solliciter le paiement aupr\u00e8s de l&rsquo;assureur en priorit\u00e9. En cas de refus, vous serez tenu de r\u00e9gler les honoraires sans exclure des contestations futures.[\/vc_column_text][\/vc_column_inner][\/vc_row_inner]<div class=\"grve-empty-space grve-height-2x\"><\/div>[vc_row_inner mobile_columns_vertical_gap=\u00a0\u00bb15&Prime;][vc_column_inner width=\u00a0\u00bb1\/4&Prime;]<h3 class=\"grve-element grve-title grve-align-inherit grve-h4\"><span>L&rsquo;aide juridique<\/span><\/h3>[\/vc_column_inner][vc_column_inner width=\u00a0\u00bb3\/4&Prime;][vc_column_text css=\u00a0\u00bb\u00a0\u00bb]Si vous r\u00e9pondez \u00e0 <a href=\"http:\/\/bajbruxelles.be\/indexphp\/fr\/documents-a-fournir\" target=\"_blank\" rel=\"noopener\">certains crit\u00e8res<\/a>, vous pouvez b\u00e9n\u00e9ficier de l&rsquo;aide juridique. Cependant, le cabinet se r\u00e9serve le droit de traiter un dossier dans ce cadre. Si vous rencontrez des difficult\u00e9s financi\u00e8res, nous vous invitons \u00e0 en parler avec votre avocat d\u00e8s le premier contact.[\/vc_column_text][\/vc_column_inner][\/vc_row_inner][\/vc_column][\/vc_row]<\/p>\n<\/div>","protected":false},"excerpt":{"rendered":"<p>[vc_row height_ratio=\u00a0\u00bb70&Prime; padding_top_multiplier=\u00a0\u00bb2x\u00a0\u00bb rc_heading_color=\u00a0\u00bbwhite\u00a0\u00bb rc_bg_type=\u00a0\u00bbimage\u00a0\u00bb rc_bg_image=\u00a0\u00bb295&Prime; rc_bg_color_overlay=\u00a0\u00bbcustom\u00a0\u00bb rc_bg_color_overlay_custom=\u00a0\u00bb#12122DCC\u00a0\u00bb tablet_sm_height_ratio=\u00a0\u00bb0&Prime; mobile_height_ratio=\u00a0\u00bb0&Prime; scroll_header_skin=\u00a0\u00bblight\u00a0\u00bb rc_bg_color=\u00a0\u00bb#393589&Prime; rc_font_color=\u00a0\u00bb#ffffff\u00a0\u00bb][vc_column vertical_content_position=\u00a0\u00bbmiddle\u00a0\u00bb][vc_row_inner][vc_column_inner width=\u00a0\u00bb1\/6&Prime;][\/vc_column_inner][vc_column_inner width=\u00a0\u00bb2\/3&Prime; text_align=\u00a0\u00bbcenter\u00a0\u00bb][\/vc_column_inner][vc_column_inner width=\u00a0\u00bb1\/6&Prime;][\/vc_column_inner][\/vc_row_inner][\/vc_column][\/vc_row][vc_row padding_top_multiplier=\u00a0\u00bb4x\u00a0\u00bb padding_bottom_multiplier=\u00a0\u00bb4x\u00a0\u00bb mobile_columns_vertical_gap=\u00a0\u00bbnone\u00a0\u00bb][vc_column content_width=\u00a0\u00bb90&Prime; horizontal_content_position=\u00a0\u00bbcenter\u00a0\u00bb][vc_row_inner mobile_columns_vertical_gap=\u00a0\u00bb15&Prime;][vc_column_inner width=\u00a0\u00bb1\/4&Prime;][\/vc_column_inner][vc_column_inner width=\u00a0\u00bb3\/4&Prime;][vc_column_text css=\u00a0\u00bb\u00a0\u00bb]Les honoraires de notre cabinet sont calcul\u00e9s sur la base d\u2019un taux horaire ou de mani\u00e8re forfaitaire. Ces honoraires sont d\u00e9termin\u00e9s en tenant compte de votre situation personnelle ainsi [&hellip;]<\/p>\n","protected":false},"author":1,"featured_media":0,"parent":0,"menu_order":0,"comment_status":"closed","ping_status":"closed","template":"","meta":{"footnotes":""},"class_list":["post-81","page","type-page","status-publish","hentry","grve-entry-item"],"yoast_head":"<!-- This site is optimized with the Yoast SEO plugin v25.1 - https:\/\/yoast.com\/wordpress\/plugins\/seo\/ -->\n<title>Honoraires - V3avocats<\/title>\n<meta name=\"description\" content=\"Les honoraires du cabinet V3 avocats sont calcul\u00e9s en fonction d\u2019un tarif horaire d\u00e9termin\u00e9 en fonction de divers facteurs.\" \/>\n<meta name=\"robots\" content=\"noindex, follow, max-snippet:-1, max-image-preview:large, max-video-preview:-1\" \/>\n<meta property=\"og:locale\" content=\"fr_FR\" \/>\n<meta property=\"og:type\" content=\"article\" \/>\n<meta property=\"og:title\" content=\"Honoraires - V3avocats\" \/>\n<meta property=\"og:description\" content=\"Les honoraires du cabinet V3 avocats sont calcul\u00e9s en fonction d\u2019un tarif horaire d\u00e9termin\u00e9 en fonction de divers facteurs.\" \/>\n<meta property=\"og:url\" content=\"https:\/\/v3avocats.uni-vert.be\/fr\/honoraires\/\" \/>\n<meta property=\"og:site_name\" content=\"V3avocats\" \/>\n<meta property=\"article:modified_time\" content=\"2025-05-17T12:36:12+00:00\" \/>\n<meta name=\"twitter:card\" content=\"summary_large_image\" \/>\n<meta name=\"twitter:label1\" content=\"Dur\u00e9e de lecture estim\u00e9e\" \/>\n\t<meta name=\"twitter:data1\" content=\"3 minutes\" \/>\n<script type=\"application\/ld+json\" class=\"yoast-schema-graph\">{\"@context\":\"https:\/\/schema.org\",\"@graph\":[{\"@type\":\"WebPage\",\"@id\":\"https:\/\/v3avocats.uni-vert.be\/fr\/honoraires\/\",\"url\":\"https:\/\/v3avocats.uni-vert.be\/fr\/honoraires\/\",\"name\":\"Honoraires - V3avocats\",\"isPartOf\":{\"@id\":\"https:\/\/v3avocats.uni-vert.be\/fr\/#website\"},\"datePublished\":\"2025-02-22T19:12:44+00:00\",\"dateModified\":\"2025-05-17T12:36:12+00:00\",\"description\":\"Les honoraires du cabinet V3 avocats sont calcul\u00e9s en fonction d\u2019un tarif horaire d\u00e9termin\u00e9 en fonction de divers facteurs.\",\"breadcrumb\":{\"@id\":\"https:\/\/v3avocats.uni-vert.be\/fr\/honoraires\/#breadcrumb\"},\"inLanguage\":\"fr-FR\",\"potentialAction\":[{\"@type\":\"ReadAction\",\"target\":[\"https:\/\/v3avocats.uni-vert.be\/fr\/honoraires\/\"]}]},{\"@type\":\"BreadcrumbList\",\"@id\":\"https:\/\/v3avocats.uni-vert.be\/fr\/honoraires\/#breadcrumb\",\"itemListElement\":[{\"@type\":\"ListItem\",\"position\":1,\"name\":\"Accueil\",\"item\":\"https:\/\/v3avocats.uni-vert.be\/fr\/\"},{\"@type\":\"ListItem\",\"position\":2,\"name\":\"Honoraires\"}]},{\"@type\":\"WebSite\",\"@id\":\"https:\/\/v3avocats.uni-vert.be\/fr\/#website\",\"url\":\"https:\/\/v3avocats.uni-vert.be\/fr\/\",\"name\":\"V3 Vergauwen, Venet & associ\u00e9s avocats\",\"description\":\"Cabinet V3 Vergauwen, Venet &amp; associ\u00e9s\",\"publisher\":{\"@id\":\"https:\/\/v3avocats.uni-vert.be\/fr\/#organization\"},\"potentialAction\":[{\"@type\":\"SearchAction\",\"target\":{\"@type\":\"EntryPoint\",\"urlTemplate\":\"https:\/\/v3avocats.uni-vert.be\/fr\/?s={search_term_string}\"},\"query-input\":{\"@type\":\"PropertyValueSpecification\",\"valueRequired\":true,\"valueName\":\"search_term_string\"}}],\"inLanguage\":\"fr-FR\"},{\"@type\":\"Organization\",\"@id\":\"https:\/\/v3avocats.uni-vert.be\/fr\/#organization\",\"name\":\"V3avocats\",\"url\":\"https:\/\/v3avocats.uni-vert.be\/fr\/\",\"logo\":{\"@type\":\"ImageObject\",\"inLanguage\":\"fr-FR\",\"@id\":\"https:\/\/v3avocats.uni-vert.be\/fr\/#\/schema\/logo\/image\/\",\"url\":\"https:\/\/v3avocats.uni-vert.be\/wp-content\/uploads\/2025\/02\/V3avocats-favicon-1.png\",\"contentUrl\":\"https:\/\/v3avocats.uni-vert.be\/wp-content\/uploads\/2025\/02\/V3avocats-favicon-1.png\",\"width\":512,\"height\":512,\"caption\":\"V3avocats\"},\"image\":{\"@id\":\"https:\/\/v3avocats.uni-vert.be\/fr\/#\/schema\/logo\/image\/\"}}]}<\/script>\n<!-- \/ Yoast SEO plugin. -->","yoast_head_json":{"title":"Honoraires - V3avocats","description":"Les honoraires du cabinet V3 avocats sont calcul\u00e9s en fonction d\u2019un tarif horaire d\u00e9termin\u00e9 en fonction de divers facteurs.","robots":{"index":"noindex","follow":"follow","max-snippet":"max-snippet:-1","max-image-preview":"max-image-preview:large","max-video-preview":"max-video-preview:-1"},"og_locale":"fr_FR","og_type":"article","og_title":"Honoraires - V3avocats","og_description":"Les honoraires du cabinet V3 avocats sont calcul\u00e9s en fonction d\u2019un tarif horaire d\u00e9termin\u00e9 en fonction de divers facteurs.","og_url":"https:\/\/v3avocats.uni-vert.be\/fr\/honoraires\/","og_site_name":"V3avocats","article_modified_time":"2025-05-17T12:36:12+00:00","twitter_card":"summary_large_image","twitter_misc":{"Dur\u00e9e de lecture estim\u00e9e":"3 minutes"},"schema":{"@context":"https:\/\/schema.org","@graph":[{"@type":"WebPage","@id":"https:\/\/v3avocats.uni-vert.be\/fr\/honoraires\/","url":"https:\/\/v3avocats.uni-vert.be\/fr\/honoraires\/","name":"Honoraires - V3avocats","isPartOf":{"@id":"https:\/\/v3avocats.uni-vert.be\/fr\/#website"},"datePublished":"2025-02-22T19:12:44+00:00","dateModified":"2025-05-17T12:36:12+00:00","description":"Les honoraires du cabinet V3 avocats sont calcul\u00e9s en fonction d\u2019un tarif horaire d\u00e9termin\u00e9 en fonction de divers facteurs.","breadcrumb":{"@id":"https:\/\/v3avocats.uni-vert.be\/fr\/honoraires\/#breadcrumb"},"inLanguage":"fr-FR","potentialAction":[{"@type":"ReadAction","target":["https:\/\/v3avocats.uni-vert.be\/fr\/honoraires\/"]}]},{"@type":"BreadcrumbList","@id":"https:\/\/v3avocats.uni-vert.be\/fr\/honoraires\/#breadcrumb","itemListElement":[{"@type":"ListItem","position":1,"name":"Accueil","item":"https:\/\/v3avocats.uni-vert.be\/fr\/"},{"@type":"ListItem","position":2,"name":"Honoraires"}]},{"@type":"WebSite","@id":"https:\/\/v3avocats.uni-vert.be\/fr\/#website","url":"https:\/\/v3avocats.uni-vert.be\/fr\/","name":"V3 Vergauwen, Venet & associ\u00e9s avocats","description":"Cabinet V3 Vergauwen, Venet &amp; associ\u00e9s","publisher":{"@id":"https:\/\/v3avocats.uni-vert.be\/fr\/#organization"},"potentialAction":[{"@type":"SearchAction","target":{"@type":"EntryPoint","urlTemplate":"https:\/\/v3avocats.uni-vert.be\/fr\/?s={search_term_string}"},"query-input":{"@type":"PropertyValueSpecification","valueRequired":true,"valueName":"search_term_string"}}],"inLanguage":"fr-FR"},{"@type":"Organization","@id":"https:\/\/v3avocats.uni-vert.be\/fr\/#organization","name":"V3avocats","url":"https:\/\/v3avocats.uni-vert.be\/fr\/","logo":{"@type":"ImageObject","inLanguage":"fr-FR","@id":"https:\/\/v3avocats.uni-vert.be\/fr\/#\/schema\/logo\/image\/","url":"https:\/\/v3avocats.uni-vert.be\/wp-content\/uploads\/2025\/02\/V3avocats-favicon-1.png","contentUrl":"https:\/\/v3avocats.uni-vert.be\/wp-content\/uploads\/2025\/02\/V3avocats-favicon-1.png","width":512,"height":512,"caption":"V3avocats"},"image":{"@id":"https:\/\/v3avocats.uni-vert.be\/fr\/#\/schema\/logo\/image\/"}}]}},"_links":{"self":[{"href":"https:\/\/v3avocats.uni-vert.be\/fr\/wp-json\/wp\/v2\/pages\/81","targetHints":{"allow":["GET"]}}],"collection":[{"href":"https:\/\/v3avocats.uni-vert.be\/fr\/wp-json\/wp\/v2\/pages"}],"about":[{"href":"https:\/\/v3avocats.uni-vert.be\/fr\/wp-json\/wp\/v2\/types\/page"}],"author":[{"embeddable":true,"href":"https:\/\/v3avocats.uni-vert.be\/fr\/wp-json\/wp\/v2\/users\/1"}],"replies":[{"embeddable":true,"href":"https:\/\/v3avocats.uni-vert.be\/fr\/wp-json\/wp\/v2\/comments?post=81"}],"version-history":[{"count":4,"href":"https:\/\/v3avocats.uni-vert.be\/fr\/wp-json\/wp\/v2\/pages\/81\/revisions"}],"predecessor-version":[{"id":571,"href":"https:\/\/v3avocats.uni-vert.be\/fr\/wp-json\/wp\/v2\/pages\/81\/revisions\/571"}],"wp:attachment":[{"href":"https:\/\/v3avocats.uni-vert.be\/fr\/wp-json\/wp\/v2\/media?parent=81"}],"curies":[{"name":"wp","href":"https:\/\/api.w.org\/{rel}","templated":true}]}}