{"id":79,"date":"2025-02-22T19:12:27","date_gmt":"2025-02-22T19:12:27","guid":{"rendered":"https:\/\/v3avocats.uni-vert.be\/?page_id=79"},"modified":"2025-03-30T15:54:29","modified_gmt":"2025-03-30T15:54:29","slug":"contact","status":"publish","type":"page","link":"https:\/\/v3avocats.uni-vert.be\/fr\/contact\/","title":{"rendered":"Prenez contact avec le cabinet V3 avocats"},"content":{"rendered":"<div class=\"wpb-content-wrapper\"><p>[vc_row height_ratio=\u00a0\u00bb70&Prime; padding_top_multiplier=\u00a0\u00bb2x\u00a0\u00bb rc_heading_color=\u00a0\u00bbwhite\u00a0\u00bb rc_bg_type=\u00a0\u00bbimage\u00a0\u00bb rc_bg_image=\u00a0\u00bb234&Prime; rc_bg_color_overlay=\u00a0\u00bbcustom\u00a0\u00bb rc_bg_color_overlay_custom=\u00a0\u00bb#12122DCC\u00a0\u00bb tablet_sm_height_ratio=\u00a0\u00bb0&Prime; mobile_height_ratio=\u00a0\u00bb0&Prime; scroll_header_skin=\u00a0\u00bblight\u00a0\u00bb rc_bg_color=\u00a0\u00bb#393589&Prime; rc_font_color=\u00a0\u00bb#ffffff\u00a0\u00bb][vc_column vertical_content_position=\u00a0\u00bbmiddle\u00a0\u00bb]<div class=\"grve-element grve-image grve-align-center logo\">\r\n\t<div class=\"grve-image-item\">\r\n\t\t\r\n\r\n<div class=\"grve-image-wrapper grve-no-effect\">\r\n\t\t<div class=\"grve-svg-thumbnail-wrapper\"><div class=\"grve-svg-thumbnail\"><img decoding=\"async\" src=\"https:\/\/v3avocats.uni-vert.be\/wp-content\/uploads\/2025\/02\/V3avocats.svg\" class=\"attachment-full size-full\" alt=\"cabinet V3 VERGAUWEN, VENET &amp; ASSOCI\u00c9S\" srcset=\"https:\/\/v3avocats.uni-vert.be\/wp-content\/uploads\/2025\/02\/V3avocats.svg 1x,https:\/\/v3avocats.uni-vert.be\/wp-content\/uploads\/2025\/02\/V3avocats.svg 2x\" data-column-space=\"auto\" data-lazyload=\"\" data-grve-filter=\"yes\" \/><\/div><\/div>\t<\/div>\r\n\t<\/div>\r\n<\/div>\r\n<div class=\"grve-empty-space grve-height-1x\"><\/div>[vc_row_inner][vc_column_inner width=\u00a0\u00bb1\/6&Prime;][\/vc_column_inner][vc_column_inner width=\u00a0\u00bb2\/3&Prime; text_align=\u00a0\u00bbcenter\u00a0\u00bb][vc_column_text css=\u00a0\u00bb\u00a0\u00bb text_style=\u00a0\u00bbleader-text\u00a0\u00bb]Id\u00e9alement situ\u00e9 \u00e0 proximit\u00e9 du Palais de Justice, le cabinet <span class=\"grve-text-primary-2\">V3 avocats<\/span> vous accueille avec bienveillance dans un cadre chaleureux et respectueux du secret professionnel. Toujours \u00e0 l\u2019\u00e9coute de vos probl\u00e9matiques, nous vous offrons une grande disponibilit\u00e9 et un accompagnement sur mesure. N&rsquo;h\u00e9sitez pas \u00e0 prendre contact avec notre \u00e9quipe.[\/vc_column_text]<div class=\"grve-empty-space grve-height-2x\"><\/div><div class=\"grve-element grve-divider\"><div class=\"grve-vertical-divider grve-align-inherit grve-height-2x grve-line-anim-top-bottom\" style=\"width: 1px;\"><span class=\"grve-bg-primary-2\"><\/span><\/div><\/div>[\/vc_column_inner][vc_column_inner width=\u00a0\u00bb1\/6&Prime;][\/vc_column_inner][\/vc_row_inner][\/vc_column][\/vc_row][vc_row section_type=\u00a0\u00bbfullwidth\u00a0\u00bb padding_top_multiplier=\u00a0\u00bb3x\u00a0\u00bb padding_bottom_multiplier=\u00a0\u00bb3x\u00a0\u00bb rc_heading_color=\u00a0\u00bbprimary-1&Prime; rc_bg_type=\u00a0\u00bbcolor\u00a0\u00bb columns_gap=\u00a0\u00bb30&Prime; equal_column_height=\u00a0\u00bbequal\u00a0\u00bb mobile_columns_vertical_gap=\u00a0\u00bbnone\u00a0\u00bb scroll_header_skin=\u00a0\u00bblight\u00a0\u00bb rc_font_color=\u00a0\u00bb#272727&Prime; rc_bg_color=\u00a0\u00bb#F7F7FB\u00a0\u00bb][vc_column width=\u00a0\u00bb1\/4&Prime; full_height=\u00a0\u00bbyes\u00a0\u00bb tablet_width=\u00a0\u00bb1-2&Prime; tablet_sm_width=\u00a0\u00bb1-2&Prime; rc_font_color=\u00a0\u00bb#272727&Prime;]<h3 class=\"grve-element grve-title grve-align-inherit grve-subtitle-text grve-text-primary-2\"><span>Adresse &amp; horaire<\/span><\/h3><div style=\"height: 15px;\" class=\"grve-empty-space\"><\/div><div class=\"grve-element grve-box-icon grve-small grve-side-icon grve-align-left grve-vertical-align-middle grve-layout-1\"><div class=\"grve-box-title-wrapper\"><div class=\"grve-wrapper-icon\" style=\"\"><span class=\"grve-box-icon smp-icon-location-pin grve-text-primary-2\"><\/span><\/div><div class=\"grve-box-title grve-body-text grve-text-primary-1\">Rue \u00c9mile Claus, 4 B-1000 Bruxelles<\/div><\/div><\/div><div style=\"height: 15px;\" class=\"grve-empty-space\"><\/div><div class=\"grve-element grve-box-icon grve-small grve-side-icon grve-align-left grve-vertical-align-middle grve-layout-1\"><div class=\"grve-box-title-wrapper\"><div class=\"grve-wrapper-icon\" style=\"\"><span class=\"grve-box-icon smp-icon-clock grve-text-primary-2\"><\/span><\/div><div class=\"grve-box-title grve-body-text grve-text-primary-1\">Lun - Ven : 9 \u00e0 18h<\/div><\/div><\/div><div class=\"grve-empty-space grve-height-1x\"><\/div>[\/vc_column][vc_column width=\u00a0\u00bb1\/4&Prime; tablet_width=\u00a0\u00bb1-2&Prime; tablet_sm_width=\u00a0\u00bb1-2&Prime; grve_css=\u00a0\u00bb{\u00ab\u00a0desktop\u00ab\u00a0:{\u00ab\u00a0padding-right\u00ab\u00a0:\u00ab\u00a010%\u00ab\u00a0,\u00ab\u00a0class\u00ab\u00a0:\u00ab\u00a0grve-wpb-1742121931471\u00ab\u00a0},\u00ab\u00a0mobile_landscape\u00ab\u00a0:{\u00ab\u00a0padding-right\u00ab\u00a0:\u00ab\u00a00\u00ab\u00a0}}\u00a0\u00bb]<h3 class=\"grve-element grve-title grve-align-inherit grve-subtitle-text grve-text-primary-2\"><span>Coordonn\u00e9es de contact<\/span><\/h3><div style=\"height: 15px;\" class=\"grve-empty-space\"><\/div><div class=\"grve-element grve-box-icon grve-small grve-side-icon grve-align-left grve-vertical-align-middle grve-layout-1\"><div class=\"grve-box-title-wrapper\"><div class=\"grve-wrapper-icon\" style=\"\"><span class=\"grve-box-icon smp-icon-phone grve-text-primary-2\"><\/span><\/div><div class=\"grve-box-title grve-body-text grve-text-primary-1\">T : 02 648 91 66<\/div><\/div><\/div><div style=\"height: 15px;\" class=\"grve-empty-space\"><\/div><div class=\"grve-element grve-box-icon grve-small grve-side-icon grve-align-left grve-vertical-align-middle grve-layout-1\"><a href=\"mailto:contact@v3avocats.be\"><div class=\"grve-box-title-wrapper\"><div class=\"grve-wrapper-icon\" style=\"\"><span class=\"grve-box-icon smp-icon-envelope grve-text-primary-2\"><\/span><\/div><div class=\"grve-box-title grve-body-text grve-text-primary-1\">contact@v3avocats.be<\/div><\/div><\/a><\/div><div class=\"grve-empty-space grve-height-1x\"><\/div>[\/vc_column][vc_column width=\u00a0\u00bb1\/4&Prime; tablet_width=\u00a0\u00bb1-2&Prime; tablet_sm_width=\u00a0\u00bb1-2&Prime;]<h3 class=\"grve-element grve-title grve-align-inherit grve-subtitle-text grve-text-primary-2\"><span>Transports en commun<\/span><\/h3><div style=\"height: 15px;\" class=\"grve-empty-space\"><\/div>[vc_raw_html css=\u00a0\u00bb\u00a0\u00bb]JTNDZGl2JTIwY2xhc3MlM0QlMjJsaW5lLWluZm8lMjIlM0UlMEElM0NzcGFuJTIwY2xhc3MlM0QlMjJsaW5lLXR5cGUlMjIlM0VCJTNDJTJGc3BhbiUzRSUwQSUzQ2RpdiUyMGNsYXNzJTNEJTIybGluZS1udW1iZXItd3JhcHBlciUyMiUzRSUzQ3NwYW4lMjBjbGFzcyUzRCUyMmxpbmUtbnVtYmVyJTIyJTNFMzglM0MlMkZzcGFuJTNFJTIwQXJyJUMzJUFBdCUyMEJhc2N1bGUlM0MlMkZkaXYlM0UlM0MlMkZkaXYlM0U=[\/vc_raw_html]<div style=\"height: 15px;\" class=\"grve-empty-space\"><\/div>[vc_raw_html css=\u00a0\u00bb\u00a0\u00bb]JTNDZGl2JTIwY2xhc3MlM0QlMjJsaW5lLWluZm8lMjIlM0UlMEElM0NzcGFuJTIwY2xhc3MlM0QlMjJsaW5lLXR5cGUlMjIlM0VUJTNDJTJGc3BhbiUzRSUwQSUzQ2RpdiUyMGNsYXNzJTNEJTIybGluZS1udW1iZXItd3JhcHBlciUyMiUzRSUzQ3NwYW4lMjBjbGFzcyUzRCUyMmxpbmUtbnVtYmVyJTIyJTNFNyUzQyUyRnNwYW4lM0UlMjAlM0NzcGFuJTIwY2xhc3MlM0QlMjJsaW5lLW51bWJlciUyMiUzRTglM0MlMkZzcGFuJTNFJTIwJTNDc3BhbiUyMGNsYXNzJTNEJTIybGluZS1udW1iZXIlMjIlM0U5MyUzQyUyRnNwYW4lM0UlMjBBcnIlQzMlQUF0JTIwTGVncmFuZCUzQyUyRmRpdiUzRSUwQSUzQyUyRmRpdiUzRQ==[\/vc_raw_html]<div class=\"grve-empty-space grve-height-1x\"><\/div>[\/vc_column][vc_column width=\u00a0\u00bb1\/4&Prime; tablet_width=\u00a0\u00bb1-2&Prime; tablet_sm_width=\u00a0\u00bb1-2&Prime;]<h3 class=\"grve-element grve-title grve-align-inherit grve-subtitle-text grve-text-primary-2\"><span>Parking<\/span><\/h3><div style=\"height: 15px;\" class=\"grve-empty-space\"><\/div>[vc_raw_html css=\u00a0\u00bb\u00a0\u00bb]JTNDZGl2JTIwY2xhc3MlM0QlMjJsaW5lLWluZm8lMjIlM0UlMEElM0NzcGFuJTIwY2xhc3MlM0QlMjJsaW5lLXR5cGUlMjIlM0VQJTNDJTJGc3BhbiUzRSUwQSUzQ2RpdiUyMGNsYXNzJTNEJTIybGluZS1udW1iZXItd3JhcHBlciUyMiUzRUJhc2N1bGUlMjAlRTIlODAlQTIlMjBSdWUlMjBTYWludC1HZW9yZ2VzJTIwMTA3JTJDJTIwMTA1MCUyMEJydXhlbGxlcyUzQyUyRmRpdiUzRSUwQSUzQyUyRmRpdiUzRQ==[\/vc_raw_html][\/vc_column][\/vc_row][vc_row section_type=\u00a0\u00bbfullwidth\u00a0\u00bb padding_top_multiplier=\u00a0\u00bb\u00a0\u00bb padding_bottom_multiplier=\u00a0\u00bb\u00a0\u00bb][vc_column]<div class=\"grve-map-wrapper\"><div class=\"grve-element grve-map\" style=\"height: 450px;\" data-lat=\"50.8162034\" data-lng=\"4.3707146\" data-zoom=\"17\" data-disable-style=\"no\"><\/div><div style=\"display:none\" class=\"grve-map-point\" data-point-marker=\"\/\/v3avocats.uni-vert.be\/wp-content\/uploads\/2025\/03\/V3avocats-pin-1.png\" data-point-lat=\"50.8162034\" data-point-lng=\"4.3707146\" data-point-title=\"\" data-point-type=\"image\"><\/div><\/div>[\/vc_column][\/vc_row]<\/p>\n<\/div>","protected":false},"excerpt":{"rendered":"<p>[vc_row height_ratio=\u00a0\u00bb70&Prime; padding_top_multiplier=\u00a0\u00bb2x\u00a0\u00bb rc_heading_color=\u00a0\u00bbwhite\u00a0\u00bb rc_bg_type=\u00a0\u00bbimage\u00a0\u00bb rc_bg_image=\u00a0\u00bb234&Prime; rc_bg_color_overlay=\u00a0\u00bbcustom\u00a0\u00bb rc_bg_color_overlay_custom=\u00a0\u00bb#12122DCC\u00a0\u00bb tablet_sm_height_ratio=\u00a0\u00bb0&Prime; mobile_height_ratio=\u00a0\u00bb0&Prime; scroll_header_skin=\u00a0\u00bblight\u00a0\u00bb rc_bg_color=\u00a0\u00bb#393589&Prime; rc_font_color=\u00a0\u00bb#ffffff\u00a0\u00bb][vc_column vertical_content_position=\u00a0\u00bbmiddle\u00a0\u00bb][vc_row_inner][vc_column_inner width=\u00a0\u00bb1\/6&Prime;][\/vc_column_inner][vc_column_inner width=\u00a0\u00bb2\/3&Prime; text_align=\u00a0\u00bbcenter\u00a0\u00bb][vc_column_text css=\u00a0\u00bb\u00a0\u00bb text_style=\u00a0\u00bbleader-text\u00a0\u00bb]Id\u00e9alement situ\u00e9 \u00e0 proximit\u00e9 du Palais de Justice, le cabinet V3 avocats vous accueille avec bienveillance dans un cadre chaleureux et respectueux du secret professionnel. Toujours \u00e0 l\u2019\u00e9coute de vos probl\u00e9matiques, nous vous offrons une grande disponibilit\u00e9 [&hellip;]<\/p>\n","protected":false},"author":1,"featured_media":0,"parent":0,"menu_order":0,"comment_status":"closed","ping_status":"closed","template":"","meta":{"footnotes":""},"class_list":["post-79","page","type-page","status-publish","hentry","grve-entry-item"],"yoast_head":"<!-- This site is optimized with the Yoast SEO plugin v25.1 - https:\/\/yoast.com\/wordpress\/plugins\/seo\/ -->\n<title>Prenez contact avec le cabinet V3 avocats<\/title>\n<meta name=\"description\" content=\"Le cabinet V3 avocats vous accueille avec bienveillance dans un cadre chaleureux et respectueux du secret professionnel \u00e0 Bruxelles.\" \/>\n<meta name=\"robots\" content=\"noindex, follow, max-snippet:-1, max-image-preview:large, max-video-preview:-1\" \/>\n<meta property=\"og:locale\" content=\"fr_FR\" \/>\n<meta property=\"og:type\" content=\"article\" \/>\n<meta property=\"og:title\" content=\"Prenez contact avec le cabinet V3 avocats\" \/>\n<meta property=\"og:description\" content=\"Le cabinet V3 avocats vous accueille avec bienveillance dans un cadre chaleureux et respectueux du secret professionnel \u00e0 Bruxelles.\" \/>\n<meta property=\"og:url\" content=\"https:\/\/v3avocats.uni-vert.be\/fr\/contact\/\" \/>\n<meta property=\"og:site_name\" content=\"V3avocats\" \/>\n<meta property=\"article:modified_time\" content=\"2025-03-30T15:54:29+00:00\" \/>\n<meta name=\"twitter:card\" content=\"summary_large_image\" \/>\n<meta name=\"twitter:label1\" content=\"Dur\u00e9e de lecture estim\u00e9e\" \/>\n\t<meta name=\"twitter:data1\" content=\"1 minute\" \/>\n<script type=\"application\/ld+json\" class=\"yoast-schema-graph\">{\"@context\":\"https:\/\/schema.org\",\"@graph\":[{\"@type\":\"WebPage\",\"@id\":\"https:\/\/v3avocats.uni-vert.be\/fr\/contact\/\",\"url\":\"https:\/\/v3avocats.uni-vert.be\/fr\/contact\/\",\"name\":\"Prenez contact avec le cabinet V3 avocats\",\"isPartOf\":{\"@id\":\"https:\/\/v3avocats.uni-vert.be\/fr\/#website\"},\"datePublished\":\"2025-02-22T19:12:27+00:00\",\"dateModified\":\"2025-03-30T15:54:29+00:00\",\"description\":\"Le cabinet V3 avocats vous accueille avec bienveillance dans un cadre chaleureux et respectueux du secret professionnel \u00e0 Bruxelles.\",\"breadcrumb\":{\"@id\":\"https:\/\/v3avocats.uni-vert.be\/fr\/contact\/#breadcrumb\"},\"inLanguage\":\"fr-FR\",\"potentialAction\":[{\"@type\":\"ReadAction\",\"target\":[\"https:\/\/v3avocats.uni-vert.be\/fr\/contact\/\"]}]},{\"@type\":\"BreadcrumbList\",\"@id\":\"https:\/\/v3avocats.uni-vert.be\/fr\/contact\/#breadcrumb\",\"itemListElement\":[{\"@type\":\"ListItem\",\"position\":1,\"name\":\"Accueil\",\"item\":\"https:\/\/v3avocats.uni-vert.be\/fr\/\"},{\"@type\":\"ListItem\",\"position\":2,\"name\":\"Prenez contact avec le cabinet V3 avocats\"}]},{\"@type\":\"WebSite\",\"@id\":\"https:\/\/v3avocats.uni-vert.be\/fr\/#website\",\"url\":\"https:\/\/v3avocats.uni-vert.be\/fr\/\",\"name\":\"V3 Vergauwen, Venet & associ\u00e9s avocats\",\"description\":\"Cabinet V3 Vergauwen, Venet &amp; associ\u00e9s\",\"publisher\":{\"@id\":\"https:\/\/v3avocats.uni-vert.be\/fr\/#organization\"},\"potentialAction\":[{\"@type\":\"SearchAction\",\"target\":{\"@type\":\"EntryPoint\",\"urlTemplate\":\"https:\/\/v3avocats.uni-vert.be\/fr\/?s={search_term_string}\"},\"query-input\":{\"@type\":\"PropertyValueSpecification\",\"valueRequired\":true,\"valueName\":\"search_term_string\"}}],\"inLanguage\":\"fr-FR\"},{\"@type\":\"Organization\",\"@id\":\"https:\/\/v3avocats.uni-vert.be\/fr\/#organization\",\"name\":\"V3avocats\",\"url\":\"https:\/\/v3avocats.uni-vert.be\/fr\/\",\"logo\":{\"@type\":\"ImageObject\",\"inLanguage\":\"fr-FR\",\"@id\":\"https:\/\/v3avocats.uni-vert.be\/fr\/#\/schema\/logo\/image\/\",\"url\":\"https:\/\/v3avocats.uni-vert.be\/wp-content\/uploads\/2025\/02\/V3avocats-favicon-1.png\",\"contentUrl\":\"https:\/\/v3avocats.uni-vert.be\/wp-content\/uploads\/2025\/02\/V3avocats-favicon-1.png\",\"width\":512,\"height\":512,\"caption\":\"V3avocats\"},\"image\":{\"@id\":\"https:\/\/v3avocats.uni-vert.be\/fr\/#\/schema\/logo\/image\/\"}}]}<\/script>\n<!-- \/ Yoast SEO plugin. -->","yoast_head_json":{"title":"Prenez contact avec le cabinet V3 avocats","description":"Le cabinet V3 avocats vous accueille avec bienveillance dans un cadre chaleureux et respectueux du secret professionnel \u00e0 Bruxelles.","robots":{"index":"noindex","follow":"follow","max-snippet":"max-snippet:-1","max-image-preview":"max-image-preview:large","max-video-preview":"max-video-preview:-1"},"og_locale":"fr_FR","og_type":"article","og_title":"Prenez contact avec le cabinet V3 avocats","og_description":"Le cabinet V3 avocats vous accueille avec bienveillance dans un cadre chaleureux et respectueux du secret professionnel \u00e0 Bruxelles.","og_url":"https:\/\/v3avocats.uni-vert.be\/fr\/contact\/","og_site_name":"V3avocats","article_modified_time":"2025-03-30T15:54:29+00:00","twitter_card":"summary_large_image","twitter_misc":{"Dur\u00e9e de lecture estim\u00e9e":"1 minute"},"schema":{"@context":"https:\/\/schema.org","@graph":[{"@type":"WebPage","@id":"https:\/\/v3avocats.uni-vert.be\/fr\/contact\/","url":"https:\/\/v3avocats.uni-vert.be\/fr\/contact\/","name":"Prenez contact avec le cabinet V3 avocats","isPartOf":{"@id":"https:\/\/v3avocats.uni-vert.be\/fr\/#website"},"datePublished":"2025-02-22T19:12:27+00:00","dateModified":"2025-03-30T15:54:29+00:00","description":"Le cabinet V3 avocats vous accueille avec bienveillance dans un cadre chaleureux et respectueux du secret professionnel \u00e0 Bruxelles.","breadcrumb":{"@id":"https:\/\/v3avocats.uni-vert.be\/fr\/contact\/#breadcrumb"},"inLanguage":"fr-FR","potentialAction":[{"@type":"ReadAction","target":["https:\/\/v3avocats.uni-vert.be\/fr\/contact\/"]}]},{"@type":"BreadcrumbList","@id":"https:\/\/v3avocats.uni-vert.be\/fr\/contact\/#breadcrumb","itemListElement":[{"@type":"ListItem","position":1,"name":"Accueil","item":"https:\/\/v3avocats.uni-vert.be\/fr\/"},{"@type":"ListItem","position":2,"name":"Prenez contact avec le cabinet V3 avocats"}]},{"@type":"WebSite","@id":"https:\/\/v3avocats.uni-vert.be\/fr\/#website","url":"https:\/\/v3avocats.uni-vert.be\/fr\/","name":"V3 Vergauwen, Venet & associ\u00e9s avocats","description":"Cabinet V3 Vergauwen, Venet &amp; associ\u00e9s","publisher":{"@id":"https:\/\/v3avocats.uni-vert.be\/fr\/#organization"},"potentialAction":[{"@type":"SearchAction","target":{"@type":"EntryPoint","urlTemplate":"https:\/\/v3avocats.uni-vert.be\/fr\/?s={search_term_string}"},"query-input":{"@type":"PropertyValueSpecification","valueRequired":true,"valueName":"search_term_string"}}],"inLanguage":"fr-FR"},{"@type":"Organization","@id":"https:\/\/v3avocats.uni-vert.be\/fr\/#organization","name":"V3avocats","url":"https:\/\/v3avocats.uni-vert.be\/fr\/","logo":{"@type":"ImageObject","inLanguage":"fr-FR","@id":"https:\/\/v3avocats.uni-vert.be\/fr\/#\/schema\/logo\/image\/","url":"https:\/\/v3avocats.uni-vert.be\/wp-content\/uploads\/2025\/02\/V3avocats-favicon-1.png","contentUrl":"https:\/\/v3avocats.uni-vert.be\/wp-content\/uploads\/2025\/02\/V3avocats-favicon-1.png","width":512,"height":512,"caption":"V3avocats"},"image":{"@id":"https:\/\/v3avocats.uni-vert.be\/fr\/#\/schema\/logo\/image\/"}}]}},"_links":{"self":[{"href":"https:\/\/v3avocats.uni-vert.be\/fr\/wp-json\/wp\/v2\/pages\/79","targetHints":{"allow":["GET"]}}],"collection":[{"href":"https:\/\/v3avocats.uni-vert.be\/fr\/wp-json\/wp\/v2\/pages"}],"about":[{"href":"https:\/\/v3avocats.uni-vert.be\/fr\/wp-json\/wp\/v2\/types\/page"}],"author":[{"embeddable":true,"href":"https:\/\/v3avocats.uni-vert.be\/fr\/wp-json\/wp\/v2\/users\/1"}],"replies":[{"embeddable":true,"href":"https:\/\/v3avocats.uni-vert.be\/fr\/wp-json\/wp\/v2\/comments?post=79"}],"version-history":[{"count":22,"href":"https:\/\/v3avocats.uni-vert.be\/fr\/wp-json\/wp\/v2\/pages\/79\/revisions"}],"predecessor-version":[{"id":536,"href":"https:\/\/v3avocats.uni-vert.be\/fr\/wp-json\/wp\/v2\/pages\/79\/revisions\/536"}],"wp:attachment":[{"href":"https:\/\/v3avocats.uni-vert.be\/fr\/wp-json\/wp\/v2\/media?parent=79"}],"curies":[{"name":"wp","href":"https:\/\/api.w.org\/{rel}","templated":true}]}}