{"id":105,"date":"2025-02-22T21:03:07","date_gmt":"2025-02-22T21:03:07","guid":{"rendered":"https:\/\/v3avocats.uni-vert.be\/?page_id=105"},"modified":"2025-03-30T17:06:56","modified_gmt":"2025-03-30T17:06:56","slug":"mentions-legales","status":"publish","type":"page","link":"https:\/\/v3avocats.uni-vert.be\/fr\/mentions-legales\/","title":{"rendered":"Mentions l\u00e9gales"},"content":{"rendered":"<div class=\"wpb-content-wrapper\"><p>[vc_row padding_top_multiplier=\u00a0\u00bb3x\u00a0\u00bb padding_bottom_multiplier=\u00a0\u00bb3x\u00a0\u00bb rc_bg_type=\u00a0\u00bbcolor\u00a0\u00bb rc_bg_color=\u00a0\u00bb#F7F7FB\u00a0\u00bb][vc_column]<h2 class=\"grve-element grve-title grve-align-inherit grve-h2 grve-text-primary-1\"><span>Mentions l\u00e9gales<\/span><\/h2><div class=\"grve-empty-space grve-height-1x\"><\/div>[vc_column_text css=\u00a0\u00bb\u00a0\u00bb]<strong>\u00c9diteur du Site :<\/strong><br \/>\nLe site est \u00e9dit\u00e9 par V3 Avocats, Vergauwen, Venet &amp; Associ\u00e9s.[\/vc_column_text]<div class=\"grve-empty-space grve-height-1x\"><\/div>[vc_row_inner][vc_column_inner width=\u00a0\u00bb1\/5&Prime; tablet_width=\u00a0\u00bb1-3&Prime; tablet_sm_width=\u00a0\u00bb1-3&Prime;][vc_column_text css=\u00a0\u00bb\u00a0\u00bb]<strong>Adresse :<br \/>\n<\/strong>Rue \u00c9mile Claus 4<br \/>\n1000 Bruxelles[\/vc_column_text][\/vc_column_inner][vc_column_inner width=\u00a0\u00bb1\/5&Prime; tablet_width=\u00a0\u00bb1-3&Prime; tablet_sm_width=\u00a0\u00bb1-3&Prime;][vc_column_text css=\u00a0\u00bb\u00a0\u00bb]<strong>T\u00e9l\u00e9phone :<br \/>\n<\/strong>02 648 91 66[\/vc_column_text][\/vc_column_inner][vc_column_inner width=\u00a0\u00bb1\/5&Prime; tablet_width=\u00a0\u00bb1-3&Prime; tablet_sm_width=\u00a0\u00bb1-3&Prime;][vc_column_text css=\u00a0\u00bb\u00a0\u00bb]<strong>Email :<br \/>\n<\/strong><a href=\"mailto:contact@v3avocats.be\">contact@v3avocats.be<\/a>[\/vc_column_text][\/vc_column_inner][vc_column_inner width=\u00a0\u00bb1\/5&Prime; tablet_width=\u00a0\u00bb1-3&Prime; tablet_sm_width=\u00a0\u00bb1-3&Prime;][vc_column_text css=\u00a0\u00bb\u00a0\u00bb]<strong>Num\u00e9ro d\u2019entreprise :<br \/>\n<\/strong>BE 0660.887.823[\/vc_column_text][\/vc_column_inner][vc_column_inner width=\u00a0\u00bb1\/5&Prime; tablet_width=\u00a0\u00bb1-3&Prime; tablet_sm_width=\u00a0\u00bb1-3&Prime;][vc_column_text css=\u00a0\u00bb\u00a0\u00bb]<strong>Num\u00e9ro TVA :<br \/>\n<\/strong>BE 0660.887.823[\/vc_column_text][\/vc_column_inner][\/vc_row_inner]<div class=\"grve-empty-space grve-height-1x\"><\/div>[vc_column_text css=\u00a0\u00bb\u00a0\u00bb]<strong>Propri\u00e9t\u00e9 intellectuelle :<\/strong><br \/>\nTous les contenus du site sont la propri\u00e9t\u00e9 exclusive de V3 Avocats, sauf mention contraire. Toute reproduction ou utilisation sans autorisation est interdite.<\/p>\n<p><strong>Responsabilit\u00e9 :<\/strong><br \/>\nLe Cabinet met en \u0153uvre tous les moyens pour garantir l&rsquo;exactitude des informations. Cependant, il ne pourra \u00eatre tenu responsable des erreurs, omissions ou des cons\u00e9quences li\u00e9es \u00e0 l&rsquo;utilisation des informations pr\u00e9sentes sur le site.<\/p>\n<p><strong>Droit applicable :<\/strong><br \/>\nLes pr\u00e9sentes mentions sont r\u00e9gies par le droit belge. En cas de litige, les tribunaux de Bruxelles sont comp\u00e9tents.[\/vc_column_text]<div class=\"grve-element grve-divider\" style=\"padding-top: 60px;padding-bottom: 60px;\"><div class=\"grve-line-divider grve-border\"><\/div><\/div><h2 class=\"grve-element grve-title grve-align-inherit grve-h2 grve-text-primary-1\"><span>Politique de confidentialit\u00e9<\/span><\/h2><div class=\"grve-empty-space grve-height-1x\"><\/div>[vc_column_text css=\u00a0\u00bb\u00a0\u00bb]<strong>Responsable du traitement :<\/strong><br \/>\nV3 Avocats, Vergauwen, Venet &amp; Associ\u00e9s.<\/p>\n<p><strong>Donn\u00e9es collect\u00e9es :<\/strong><\/p>\n<ul>\n<li>Donn\u00e9es d\u2019identit\u00e9 : nom, pr\u00e9nom, etc.<\/li>\n<li>Donn\u00e9es de contact : email, t\u00e9l\u00e9phone, etc.<\/li>\n<li>Donn\u00e9es de navigation : IP, cookies, etc.<\/li>\n<\/ul>\n<p><strong>Finalit\u00e9s du traitement :<\/strong><\/p>\n<ul>\n<li>Gestion des demandes via le formulaire de contact.<\/li>\n<li>Am\u00e9lioration du site et des services.<\/li>\n<li>Respect des obligations l\u00e9gales.<\/li>\n<\/ul>\n<p><strong>Destinataires des donn\u00e9es :<\/strong><br \/>\nLes donn\u00e9es sont destin\u00e9es uniquement au Cabinet. Elles ne sont pas partag\u00e9es avec des tiers sauf si la loi l&rsquo;exige.<\/p>\n<p><strong>Dur\u00e9e de conservation :<\/strong><br \/>\nLes donn\u00e9es sont conserv\u00e9es pendant la dur\u00e9e n\u00e9cessaire aux finalit\u00e9s pour lesquelles elles ont \u00e9t\u00e9 collect\u00e9es, sous r\u00e9serve des obligations l\u00e9gales.<\/p>\n<p><strong>Droits des utilisateurs :<\/strong><br \/>\nConform\u00e9ment au RGPD, vous disposez des droits suivants :<\/p>\n<ul>\n<li>Acc\u00e8s, rectification, suppression, limitation, portabilit\u00e9, opposition.<\/li>\n<li>Droit de d\u00e9poser une plainte aupr\u00e8s de l&rsquo;Autorit\u00e9 de Protection des Donn\u00e9es (<a href=\"https:\/\/www.autoriteprotectiondonnees.be\/citoyen\" target=\"_blank\" rel=\"noopener\">www.autoriteprotectiondonnees.be<\/a>).<\/li>\n<\/ul>\n<p><strong>Cookies :<\/strong><br \/>\nLe site utilise des cookies pour am\u00e9liorer l\u2019exp\u00e9rience utilisateur et mesurer l\u2019audience. Vous pouvez configurer vos pr\u00e9f\u00e9rences via votre navigateur.<\/p>\n<p><strong>S\u00e9curit\u00e9 des donn\u00e9es :<\/strong><br \/>\nLe Cabinet met en place des mesures appropri\u00e9es pour garantir la s\u00e9curit\u00e9 et la confidentialit\u00e9 des donn\u00e9es collect\u00e9es.[\/vc_column_text][\/vc_column][\/vc_row]<\/p>\n<\/div>","protected":false},"excerpt":{"rendered":"<p>[vc_row padding_top_multiplier=\u00a0\u00bb3x\u00a0\u00bb padding_bottom_multiplier=\u00a0\u00bb3x\u00a0\u00bb rc_bg_type=\u00a0\u00bbcolor\u00a0\u00bb rc_bg_color=\u00a0\u00bb#F7F7FB\u00a0\u00bb][vc_column][vc_column_text css=\u00a0\u00bb\u00a0\u00bb]\u00c9diteur du Site : Le site est \u00e9dit\u00e9 par V3 Avocats, Vergauwen, Venet &amp; Associ\u00e9s.[\/vc_column_text][vc_row_inner][vc_column_inner width=\u00a0\u00bb1\/5&Prime; tablet_width=\u00a0\u00bb1-3&Prime; tablet_sm_width=\u00a0\u00bb1-3&Prime;][vc_column_text css=\u00a0\u00bb\u00a0\u00bb]Adresse : Rue \u00c9mile Claus 4 1000 Bruxelles[\/vc_column_text][\/vc_column_inner][vc_column_inner width=\u00a0\u00bb1\/5&Prime; tablet_width=\u00a0\u00bb1-3&Prime; tablet_sm_width=\u00a0\u00bb1-3&Prime;][vc_column_text css=\u00a0\u00bb\u00a0\u00bb]T\u00e9l\u00e9phone : 02 648 91 66[\/vc_column_text][\/vc_column_inner][vc_column_inner width=\u00a0\u00bb1\/5&Prime; tablet_width=\u00a0\u00bb1-3&Prime; tablet_sm_width=\u00a0\u00bb1-3&Prime;][vc_column_text css=\u00a0\u00bb\u00a0\u00bb]Email : contact@v3avocats.be[\/vc_column_text][\/vc_column_inner][vc_column_inner width=\u00a0\u00bb1\/5&Prime; tablet_width=\u00a0\u00bb1-3&Prime; tablet_sm_width=\u00a0\u00bb1-3&Prime;][vc_column_text css=\u00a0\u00bb\u00a0\u00bb]Num\u00e9ro d\u2019entreprise : BE 0660.887.823[\/vc_column_text][\/vc_column_inner][vc_column_inner width=\u00a0\u00bb1\/5&Prime; [&hellip;]<\/p>\n","protected":false},"author":1,"featured_media":0,"parent":0,"menu_order":0,"comment_status":"closed","ping_status":"closed","template":"","meta":{"footnotes":""},"class_list":["post-105","page","type-page","status-publish","hentry","grve-entry-item"],"yoast_head":"<!-- This site is optimized with the Yoast SEO plugin v25.1 - https:\/\/yoast.com\/wordpress\/plugins\/seo\/ -->\n<title>Mentions l\u00e9gales - V3avocats<\/title>\n<meta name=\"description\" content=\"Ces mentions l\u00e9gales sont r\u00e9gies par le droit belge et informent les visiteurs du site V3 avocats sur l\u2019identit\u00e9 du cr\u00e9ateur.\" \/>\n<meta name=\"robots\" content=\"noindex, follow, max-snippet:-1, max-image-preview:large, max-video-preview:-1\" \/>\n<meta property=\"og:locale\" content=\"fr_FR\" \/>\n<meta property=\"og:type\" content=\"article\" \/>\n<meta property=\"og:title\" content=\"Mentions l\u00e9gales - V3avocats\" \/>\n<meta property=\"og:description\" content=\"Ces mentions l\u00e9gales sont r\u00e9gies par le droit belge et informent les visiteurs du site V3 avocats sur l\u2019identit\u00e9 du cr\u00e9ateur.\" \/>\n<meta property=\"og:url\" content=\"https:\/\/v3avocats.uni-vert.be\/fr\/mentions-legales\/\" \/>\n<meta property=\"og:site_name\" content=\"V3avocats\" \/>\n<meta property=\"article:modified_time\" content=\"2025-03-30T17:06:56+00:00\" \/>\n<meta name=\"twitter:card\" content=\"summary_large_image\" \/>\n<meta name=\"twitter:label1\" content=\"Dur\u00e9e de lecture estim\u00e9e\" \/>\n\t<meta name=\"twitter:data1\" content=\"2 minutes\" \/>\n<script type=\"application\/ld+json\" class=\"yoast-schema-graph\">{\"@context\":\"https:\/\/schema.org\",\"@graph\":[{\"@type\":\"WebPage\",\"@id\":\"https:\/\/v3avocats.uni-vert.be\/fr\/mentions-legales\/\",\"url\":\"https:\/\/v3avocats.uni-vert.be\/fr\/mentions-legales\/\",\"name\":\"Mentions l\u00e9gales - V3avocats\",\"isPartOf\":{\"@id\":\"https:\/\/v3avocats.uni-vert.be\/fr\/#website\"},\"datePublished\":\"2025-02-22T21:03:07+00:00\",\"dateModified\":\"2025-03-30T17:06:56+00:00\",\"description\":\"Ces mentions l\u00e9gales sont r\u00e9gies par le droit belge et informent les visiteurs du site V3 avocats sur l\u2019identit\u00e9 du cr\u00e9ateur.\",\"breadcrumb\":{\"@id\":\"https:\/\/v3avocats.uni-vert.be\/fr\/mentions-legales\/#breadcrumb\"},\"inLanguage\":\"fr-FR\",\"potentialAction\":[{\"@type\":\"ReadAction\",\"target\":[\"https:\/\/v3avocats.uni-vert.be\/fr\/mentions-legales\/\"]}]},{\"@type\":\"BreadcrumbList\",\"@id\":\"https:\/\/v3avocats.uni-vert.be\/fr\/mentions-legales\/#breadcrumb\",\"itemListElement\":[{\"@type\":\"ListItem\",\"position\":1,\"name\":\"Accueil\",\"item\":\"https:\/\/v3avocats.uni-vert.be\/fr\/\"},{\"@type\":\"ListItem\",\"position\":2,\"name\":\"Mentions l\u00e9gales\"}]},{\"@type\":\"WebSite\",\"@id\":\"https:\/\/v3avocats.uni-vert.be\/fr\/#website\",\"url\":\"https:\/\/v3avocats.uni-vert.be\/fr\/\",\"name\":\"V3 Vergauwen, Venet & associ\u00e9s avocats\",\"description\":\"Cabinet V3 Vergauwen, Venet &amp; associ\u00e9s\",\"publisher\":{\"@id\":\"https:\/\/v3avocats.uni-vert.be\/fr\/#organization\"},\"potentialAction\":[{\"@type\":\"SearchAction\",\"target\":{\"@type\":\"EntryPoint\",\"urlTemplate\":\"https:\/\/v3avocats.uni-vert.be\/fr\/?s={search_term_string}\"},\"query-input\":{\"@type\":\"PropertyValueSpecification\",\"valueRequired\":true,\"valueName\":\"search_term_string\"}}],\"inLanguage\":\"fr-FR\"},{\"@type\":\"Organization\",\"@id\":\"https:\/\/v3avocats.uni-vert.be\/fr\/#organization\",\"name\":\"V3avocats\",\"url\":\"https:\/\/v3avocats.uni-vert.be\/fr\/\",\"logo\":{\"@type\":\"ImageObject\",\"inLanguage\":\"fr-FR\",\"@id\":\"https:\/\/v3avocats.uni-vert.be\/fr\/#\/schema\/logo\/image\/\",\"url\":\"https:\/\/v3avocats.uni-vert.be\/wp-content\/uploads\/2025\/02\/V3avocats-favicon-1.png\",\"contentUrl\":\"https:\/\/v3avocats.uni-vert.be\/wp-content\/uploads\/2025\/02\/V3avocats-favicon-1.png\",\"width\":512,\"height\":512,\"caption\":\"V3avocats\"},\"image\":{\"@id\":\"https:\/\/v3avocats.uni-vert.be\/fr\/#\/schema\/logo\/image\/\"}}]}<\/script>\n<!-- \/ Yoast SEO plugin. -->","yoast_head_json":{"title":"Mentions l\u00e9gales - V3avocats","description":"Ces mentions l\u00e9gales sont r\u00e9gies par le droit belge et informent les visiteurs du site V3 avocats sur l\u2019identit\u00e9 du cr\u00e9ateur.","robots":{"index":"noindex","follow":"follow","max-snippet":"max-snippet:-1","max-image-preview":"max-image-preview:large","max-video-preview":"max-video-preview:-1"},"og_locale":"fr_FR","og_type":"article","og_title":"Mentions l\u00e9gales - V3avocats","og_description":"Ces mentions l\u00e9gales sont r\u00e9gies par le droit belge et informent les visiteurs du site V3 avocats sur l\u2019identit\u00e9 du cr\u00e9ateur.","og_url":"https:\/\/v3avocats.uni-vert.be\/fr\/mentions-legales\/","og_site_name":"V3avocats","article_modified_time":"2025-03-30T17:06:56+00:00","twitter_card":"summary_large_image","twitter_misc":{"Dur\u00e9e de lecture estim\u00e9e":"2 minutes"},"schema":{"@context":"https:\/\/schema.org","@graph":[{"@type":"WebPage","@id":"https:\/\/v3avocats.uni-vert.be\/fr\/mentions-legales\/","url":"https:\/\/v3avocats.uni-vert.be\/fr\/mentions-legales\/","name":"Mentions l\u00e9gales - V3avocats","isPartOf":{"@id":"https:\/\/v3avocats.uni-vert.be\/fr\/#website"},"datePublished":"2025-02-22T21:03:07+00:00","dateModified":"2025-03-30T17:06:56+00:00","description":"Ces mentions l\u00e9gales sont r\u00e9gies par le droit belge et informent les visiteurs du site V3 avocats sur l\u2019identit\u00e9 du cr\u00e9ateur.","breadcrumb":{"@id":"https:\/\/v3avocats.uni-vert.be\/fr\/mentions-legales\/#breadcrumb"},"inLanguage":"fr-FR","potentialAction":[{"@type":"ReadAction","target":["https:\/\/v3avocats.uni-vert.be\/fr\/mentions-legales\/"]}]},{"@type":"BreadcrumbList","@id":"https:\/\/v3avocats.uni-vert.be\/fr\/mentions-legales\/#breadcrumb","itemListElement":[{"@type":"ListItem","position":1,"name":"Accueil","item":"https:\/\/v3avocats.uni-vert.be\/fr\/"},{"@type":"ListItem","position":2,"name":"Mentions l\u00e9gales"}]},{"@type":"WebSite","@id":"https:\/\/v3avocats.uni-vert.be\/fr\/#website","url":"https:\/\/v3avocats.uni-vert.be\/fr\/","name":"V3 Vergauwen, Venet & associ\u00e9s avocats","description":"Cabinet V3 Vergauwen, Venet &amp; associ\u00e9s","publisher":{"@id":"https:\/\/v3avocats.uni-vert.be\/fr\/#organization"},"potentialAction":[{"@type":"SearchAction","target":{"@type":"EntryPoint","urlTemplate":"https:\/\/v3avocats.uni-vert.be\/fr\/?s={search_term_string}"},"query-input":{"@type":"PropertyValueSpecification","valueRequired":true,"valueName":"search_term_string"}}],"inLanguage":"fr-FR"},{"@type":"Organization","@id":"https:\/\/v3avocats.uni-vert.be\/fr\/#organization","name":"V3avocats","url":"https:\/\/v3avocats.uni-vert.be\/fr\/","logo":{"@type":"ImageObject","inLanguage":"fr-FR","@id":"https:\/\/v3avocats.uni-vert.be\/fr\/#\/schema\/logo\/image\/","url":"https:\/\/v3avocats.uni-vert.be\/wp-content\/uploads\/2025\/02\/V3avocats-favicon-1.png","contentUrl":"https:\/\/v3avocats.uni-vert.be\/wp-content\/uploads\/2025\/02\/V3avocats-favicon-1.png","width":512,"height":512,"caption":"V3avocats"},"image":{"@id":"https:\/\/v3avocats.uni-vert.be\/fr\/#\/schema\/logo\/image\/"}}]}},"_links":{"self":[{"href":"https:\/\/v3avocats.uni-vert.be\/fr\/wp-json\/wp\/v2\/pages\/105","targetHints":{"allow":["GET"]}}],"collection":[{"href":"https:\/\/v3avocats.uni-vert.be\/fr\/wp-json\/wp\/v2\/pages"}],"about":[{"href":"https:\/\/v3avocats.uni-vert.be\/fr\/wp-json\/wp\/v2\/types\/page"}],"author":[{"embeddable":true,"href":"https:\/\/v3avocats.uni-vert.be\/fr\/wp-json\/wp\/v2\/users\/1"}],"replies":[{"embeddable":true,"href":"https:\/\/v3avocats.uni-vert.be\/fr\/wp-json\/wp\/v2\/comments?post=105"}],"version-history":[{"count":5,"href":"https:\/\/v3avocats.uni-vert.be\/fr\/wp-json\/wp\/v2\/pages\/105\/revisions"}],"predecessor-version":[{"id":546,"href":"https:\/\/v3avocats.uni-vert.be\/fr\/wp-json\/wp\/v2\/pages\/105\/revisions\/546"}],"wp:attachment":[{"href":"https:\/\/v3avocats.uni-vert.be\/fr\/wp-json\/wp\/v2\/media?parent=105"}],"curies":[{"name":"wp","href":"https:\/\/api.w.org\/{rel}","templated":true}]}}